{"id":1377,"date":"2020-05-25T08:34:41","date_gmt":"2020-05-25T08:34:41","guid":{"rendered":"https:\/\/www.alfonsea.com\/politica-de-privacidad\/"},"modified":"2020-05-25T09:50:32","modified_gmt":"2020-05-25T09:50:32","slug":"politica-de-privacidad","status":"publish","type":"page","link":"https:\/\/www.alfonsea.com\/es\/politica-de-privacidad\/","title":{"rendered":"Pol\u00edtica de Privacidad"},"content":{"rendered":"<p>[et_pb_section fb_built=\u00bb1&#8243; _builder_version=\u00bb4.4.7&#8243; background_image=\u00bbhttps:\/\/www.alfonsea.com\/wp-content\/uploads\/2020\/05\/office-1516329_1920-1.jpg\u00bb custom_margin_tablet=\u00bb-45px||||false|false\u00bb custom_margin_phone=\u00bb-45px||||false|false\u00bb custom_margin_last_edited=\u00bbon|phone\u00bb custom_padding=\u00bb3.5vw||3.5vw||true|false\u00bb][\/et_pb_section][et_pb_section fb_built=\u00bb1&#8243; _builder_version=\u00bb4.4.7&#8243;][et_pb_row _builder_version=\u00bb4.4.7&#8243;][et_pb_column _builder_version=\u00bb4.4.7&#8243; type=\u00bb4_4&#8243;][et_pb_text _builder_version=\u00bb4.4.7&#8243; hover_enabled=\u00bb0&#8243;]<\/p>\n<h2>\n            <b>Pol\u00edtica de Privacidad<\/b><br \/>\n          <\/h2>\n<p>\n            <b><\/b>\n          <\/p>\n<p>\n            <b>Conforme al Reglamento General de protecci\u00f3n de datos (RGPD, Reglamento UE 2016\/679, de 27 de abril)<\/b>\n          <\/p>\n<p><span>Alfonsea \u2013 Daniel Gim\u00e9nez (en adelante ALFONSEA), manifiesta su compromiso de cumplir con la normativa vigente en materia de Protecci\u00f3n de Datos de Car\u00e1cter Personal y pone en conocimiento de los usuarios de las p\u00e1ginas web<\/span> <a href=\"https:\/\/www.alfonsea.com\/\"><span>www.alfonsea.com<\/span><\/a><span>y<\/span><a href=\"http:\/\/www.danielgimenezmartinez.com\/\"><span>www.danielgimenezmartinez.com<\/span><\/a><span> (en adelante las Webs), la Pol\u00edtica de Privacidad que aplicar\u00e1 durante el tratamiento de los datos personales que el usuario facilite voluntariamente. La recogida de dichos datos se realiza principalmente mediante la cumplimentaci\u00f3n de los formularios que se encuentran bajo el t\u00edtulo \u201cContactar\u201d, as\u00ed como a trav\u00e9s de los comentarios que los usuarios puedan publicar en el \u201cblog\u201d. El env\u00edo de dicha informaci\u00f3n supondr\u00e1 el consentimiento expreso que legitimar\u00e1 el tratamiento de los datos, en los t\u00e9rminos y finalidades que encontrar\u00e1 detallados m\u00e1s abajo.<\/span><\/p>\n<p>\n            <span>El usuario ser\u00e1 el \u00fanico responsable de la veracidad de los datos facilitados a ALFONSEA<\/span>\n          <\/p>\n<p>\n            <span>A continuaci\u00f3n, encontrar\u00e1 desglosada la informaci\u00f3n descriptiva sobre el tratamiento de los datos personales:<\/span>\n          <\/p>\n<table>\n<tbody>\n<tr>\n<td><\/td>\n<td>\n                  <b>Informaci\u00f3n B\u00e1sica<\/b>\n                <\/td>\n<td>\n                  <b>Informaci\u00f3n Adicional<\/b>\n                <\/td>\n<\/tr>\n<tr>\n<td>\n                  <span>Identidad del responsable del tratamiento<\/span>\n                <\/td>\n<td>\n                  <span>DANIEL GIM\u00c9NEZ MART\u00cdNEZ<\/span>\n                <\/td>\n<td>\n<p>\n                    <span>Avenida Diagonal 419, 4\u00ba 1\u00aa \u2013 08008 Barcelona<\/span>\n                  <\/p>\n<\/p>\n<p>\n                    <span>NIF: 46.652.228 \u2013 V<\/span>\n                  <\/p>\n<p>\n                    <span>Tel\u00e9fono: 934150504<\/span>\n                  <\/p>\n<p><span>Contacto coordinador protecci\u00f3n datos<\/span><a href=\"mailto:coordinador@taccomputer.cat\"><span>coordinador@taccomputer.cat<\/span><\/a><\/p>\n<\/td>\n<\/tr>\n<tr>\n<td>\n                  <span>Finalidad del tratamiento y plazos de conservaci\u00f3n<\/span>\n                <\/td>\n<td>\n                  <span>Contacto y Contestaci\u00f3n de consultas<\/span>\n                <\/td>\n<td>\n<p>\n                    <span>Mediante la cumplimentaci\u00f3n de los campos que se encuentran en los formularios \u201cContactar\u201d, se recaban sus datos para poder responder a las consultas planteadas.<\/span>\n                  <\/p>\n<\/p>\n<p>\n                    <span>Dado que existe la opci\u00f3n que contacten por correo electr\u00f3nico, tambi\u00e9n se gestionar\u00e1n las consultas que nos realicen.<\/span>\n                  <\/p>\n<p>\n                    <span>Tambi\u00e9n puede darse la interactividad con los usuarios a trav\u00e9s de comentarios en el blog.<\/span>\n                  <\/p>\n<p>\n                    <span>Los datos ser\u00e1n conservados y tratados con la m\u00e1xima confidencialidad hasta resolver la consulta. En el caso de los comentarios en el blog, se mantendr\u00e1n hasta que el usuario no solicite su retirada.<\/span>\n                  <\/p>\n<\/td>\n<\/tr>\n<tr>\n<td>\n                  <span>Legitimaci\u00f3n del tratamiento<\/span>\n                <\/td>\n<td>\n                  <span>Consentimiento expreso<\/span>\n                <\/td>\n<td>\n<p>\n                    <span>La base jur\u00eddica que permite el tratamiento de los datos es el consentimiento de los usuarios.<\/span>\n                  <\/p>\n<\/p>\n<p>\n                    <span>Para enviar el formulario con sus datos, debe aceptar las condiciones de uso de la web, la pol\u00edtica de privacidad y aceptar el tratamiento a trav\u00e9s de 2 casillas obligatorias que confirman la veracidad de sus datos, la autorizaci\u00f3n para el tratamiento de los mismos, as\u00ed como la posibilidad de contactar con los usuarios por correo electr\u00f3nico.<\/span>\n                  <\/p>\n<p>\n                    <span>En caso de no facilitar los datos de los campos marcados como requeridos, no ser\u00e1 posible enviar la consulta. <\/span>\n                  <\/p>\n<\/td>\n<\/tr>\n<tr>\n<td>\n                  <span>Destinatarios de cesiones<\/span>\n                <\/td>\n<td>\n                  <span>No hay cesiones<\/span>\n                <\/td>\n<td>\n<p>\n                    <span>No se prev\u00e9n transferencias internacionales de datos ni comunicaciones a terceros exceptuando las exigibles por Ley.<\/span>\n                  <\/p>\n<\/p>\n<p>\n                    <span>Los datos personales permanecen dentro de la UE.<\/span>\n                  <\/p>\n<\/td>\n<\/tr>\n<tr>\n<td>\n                  <span>Derechos de los usuarios<\/span>\n                <\/td>\n<td>\n                  <span>Ejercicio de derechos<\/span>\n                <\/td>\n<td>\n<p>\n                    <span>El usuario podr\u00e1 ejercer los derechos de acceso, rectificaci\u00f3n, supresi\u00f3n y portabilidad de sus datos y la limitaci\u00f3n u oposici\u00f3n a su tratamiento, mediante escrito indicando como asunto o referencia \u201cPROTECCI\u00d3N DE DATOS\u201d a la direcci\u00f3n de nuestro domicilio social situado en la Avenida Diagonal 419 4\u00aa, 08008 de Barcelona, o por correo electr\u00f3nico a la direcci\u00f3n <\/span><br \/>\n                    <a href=\"mailto:dgimenez@alfonsea.com\"><br \/>\n                      <span>dgimenez@alfonsea.com<\/span><br \/>\n                    <\/a><br \/>\n                    <span>. El usuario deber\u00e1 acompa\u00f1ar una copia de su documento nacional de identidad, pasaporte u otro documento v\u00e1lido que lo identifique e indicar el derecho que quiere ejercitar.<\/span>\n                  <\/p>\n<\/p>\n<p>\n                    <span>En cualquier caso, usted es el \u00fanico responsable de la veracidad de los datos suministrados, teniendo el deber de rectificar y\/o actualizarlos.<\/span>\n                  <\/p>\n<p>\n                    <span>Tambi\u00e9n informarle que podr\u00e1 retirar el consentimiento para el tratamiento en cualquier momento.<\/span>\n                  <\/p>\n<p><span>Aunque tiene derecho a reclamar directamente ante la Agencia Espa\u00f1ola de Protecci\u00f3n de Datos (<\/span><a href=\"http:\/\/www.agpd.es\/\"><span>www.agpd.es<\/span><\/a><span>) sobre las pr\u00e1cticas de privacidad y protecci\u00f3n de datos de ALFONSEA, le rogamos que antes de presentar dicha reclamaci\u00f3n, se ponga en contacto con nosotros.<\/span><\/p>\n<\/td>\n<\/tr>\n<tr>\n<td>\n                  <span>Procedencia de los datos<\/span>\n                <\/td>\n<td>\n                  <span>Directamente del interesado<\/span>\n                <\/td>\n<td>\n<p>\n                    <span>Todos los datos objeto de tratamiento por parte de ALFONSEA proceden del env\u00edo de los formularios de los apartados \u201cContactar\u201d o bien los recibidos directamente a trav\u00e9s del correo electr\u00f3nico.<\/span>\n                  <\/p>\n<\/p>\n<p>\n                    <span>Las categor\u00edas de los datos tratados de los usuarios son datos de car\u00e1cter identificativo (nombre y correo electr\u00f3nico).<\/span>\n                  <\/p>\n<\/td>\n<\/tr>\n<\/tbody>\n<\/table>\n<p>\n            <span>ALFONSEA se reserva la facultad de realizar, en cualquier momento y sin necesidad de aviso previo, cualquier modificaci\u00f3n o actualizaci\u00f3n de la Pol\u00edtica de Privacidad.<\/span>\n          <\/p>\n<p>        [\/et_pb_text][\/et_pb_column][\/et_pb_row][\/et_pb_section]<\/p>\n","protected":false},"excerpt":{"rendered":"<p>Pol\u00edtica de Privacidad Conforme al Reglamento General de protecci\u00f3n de datos (RGPD, Reglamento UE 2016\/679, de 27 de abril) Alfonsea \u2013 Daniel Gim\u00e9nez (en adelante ALFONSEA), manifiesta su compromiso de cumplir con la normativa vigente en materia de Protecci\u00f3n de Datos de Car\u00e1cter Personal y pone en conocimiento de los usuarios de las p\u00e1ginas web [&hellip;]<\/p>\n","protected":false},"author":6,"featured_media":0,"parent":0,"menu_order":0,"comment_status":"closed","ping_status":"closed","template":"","meta":{"_et_pb_use_builder":"on","_et_pb_old_content":"","_et_gb_content_width":"","footnotes":""},"yoast_head":"<!-- This site is optimized with the Yoast SEO plugin v22.6 - https:\/\/yoast.com\/wordpress\/plugins\/seo\/ -->\n<title>Pol\u00edtica de Privacidad<\/title>\n<meta name=\"robots\" content=\"index, follow, max-snippet:-1, max-image-preview:large, max-video-preview:-1\" \/>\n<link rel=\"canonical\" href=\"https:\/\/www.alfonsea.com\/es\/politica-de-privacidad\/\" \/>\n<meta property=\"og:locale\" content=\"es_ES\" \/>\n<meta property=\"og:type\" content=\"article\" \/>\n<meta property=\"og:title\" content=\"Pol\u00edtica de Privacidad\" \/>\n<meta property=\"og:url\" content=\"https:\/\/www.alfonsea.com\/es\/politica-de-privacidad\/\" \/>\n<meta property=\"og:site_name\" content=\"Alfonsea\" \/>\n<meta property=\"article:modified_time\" content=\"2020-05-25T09:50:32+00:00\" \/>\n<meta property=\"og:image\" content=\"https:\/\/www.alfonsea.com\/wp-content\/uploads\/2020\/03\/logo_alfonsea_1.png\" \/>\n\t<meta property=\"og:image:width\" content=\"838\" \/>\n\t<meta property=\"og:image:height\" content=\"343\" \/>\n\t<meta property=\"og:image:type\" content=\"image\/png\" \/>\n<meta name=\"twitter:card\" content=\"summary_large_image\" \/>\n<meta name=\"twitter:label1\" content=\"Tiempo de lectura\" \/>\n\t<meta name=\"twitter:data1\" content=\"4 minutos\" \/>\n<script type=\"application\/ld+json\" class=\"yoast-schema-graph\">{\"@context\":\"https:\/\/schema.org\",\"@graph\":[{\"@type\":\"WebPage\",\"@id\":\"https:\/\/www.alfonsea.com\/es\/politica-de-privacidad\/\",\"url\":\"https:\/\/www.alfonsea.com\/es\/politica-de-privacidad\/\",\"name\":\"Pol\u00edtica de Privacidad\",\"isPartOf\":{\"@id\":\"https:\/\/www.alfonsea.com\/#website\"},\"datePublished\":\"2020-05-25T08:34:41+00:00\",\"dateModified\":\"2020-05-25T09:50:32+00:00\",\"breadcrumb\":{\"@id\":\"https:\/\/www.alfonsea.com\/es\/politica-de-privacidad\/#breadcrumb\"},\"inLanguage\":\"es\",\"potentialAction\":[{\"@type\":\"ReadAction\",\"target\":[\"https:\/\/www.alfonsea.com\/es\/politica-de-privacidad\/\"]}]},{\"@type\":\"BreadcrumbList\",\"@id\":\"https:\/\/www.alfonsea.com\/es\/politica-de-privacidad\/#breadcrumb\",\"itemListElement\":[{\"@type\":\"ListItem\",\"position\":1,\"name\":\"Home\",\"item\":\"https:\/\/www.alfonsea.com\/es\/\"},{\"@type\":\"ListItem\",\"position\":2,\"name\":\"Pol\u00edtica de Privacidad\"}]},{\"@type\":\"WebSite\",\"@id\":\"https:\/\/www.alfonsea.com\/#website\",\"url\":\"https:\/\/www.alfonsea.com\/\",\"name\":\"Alfonsea\",\"description\":\"Specialists in Bussiness and Tax advising since 1995  \",\"publisher\":{\"@id\":\"https:\/\/www.alfonsea.com\/#organization\"},\"potentialAction\":[{\"@type\":\"SearchAction\",\"target\":{\"@type\":\"EntryPoint\",\"urlTemplate\":\"https:\/\/www.alfonsea.com\/?s={search_term_string}\"},\"query-input\":\"required name=search_term_string\"}],\"inLanguage\":\"es\"},{\"@type\":\"Organization\",\"@id\":\"https:\/\/www.alfonsea.com\/#organization\",\"name\":\"Alfonsea\",\"url\":\"https:\/\/www.alfonsea.com\/\",\"logo\":{\"@type\":\"ImageObject\",\"inLanguage\":\"es\",\"@id\":\"https:\/\/www.alfonsea.com\/#\/schema\/logo\/image\/\",\"url\":\"https:\/\/www.alfonsea.com\/wp-content\/uploads\/2020\/03\/logo_alfonsea_1.png\",\"contentUrl\":\"https:\/\/www.alfonsea.com\/wp-content\/uploads\/2020\/03\/logo_alfonsea_1.png\",\"width\":838,\"height\":343,\"caption\":\"Alfonsea\"},\"image\":{\"@id\":\"https:\/\/www.alfonsea.com\/#\/schema\/logo\/image\/\"}}]}<\/script>\n<!-- \/ Yoast SEO plugin. -->","yoast_head_json":{"title":"Pol\u00edtica de Privacidad","robots":{"index":"index","follow":"follow","max-snippet":"max-snippet:-1","max-image-preview":"max-image-preview:large","max-video-preview":"max-video-preview:-1"},"canonical":"https:\/\/www.alfonsea.com\/es\/politica-de-privacidad\/","og_locale":"es_ES","og_type":"article","og_title":"Pol\u00edtica de Privacidad","og_url":"https:\/\/www.alfonsea.com\/es\/politica-de-privacidad\/","og_site_name":"Alfonsea","article_modified_time":"2020-05-25T09:50:32+00:00","og_image":[{"width":838,"height":343,"url":"https:\/\/www.alfonsea.com\/wp-content\/uploads\/2020\/03\/logo_alfonsea_1.png","type":"image\/png"}],"twitter_card":"summary_large_image","twitter_misc":{"Tiempo de lectura":"4 minutos"},"schema":{"@context":"https:\/\/schema.org","@graph":[{"@type":"WebPage","@id":"https:\/\/www.alfonsea.com\/es\/politica-de-privacidad\/","url":"https:\/\/www.alfonsea.com\/es\/politica-de-privacidad\/","name":"Pol\u00edtica de Privacidad","isPartOf":{"@id":"https:\/\/www.alfonsea.com\/#website"},"datePublished":"2020-05-25T08:34:41+00:00","dateModified":"2020-05-25T09:50:32+00:00","breadcrumb":{"@id":"https:\/\/www.alfonsea.com\/es\/politica-de-privacidad\/#breadcrumb"},"inLanguage":"es","potentialAction":[{"@type":"ReadAction","target":["https:\/\/www.alfonsea.com\/es\/politica-de-privacidad\/"]}]},{"@type":"BreadcrumbList","@id":"https:\/\/www.alfonsea.com\/es\/politica-de-privacidad\/#breadcrumb","itemListElement":[{"@type":"ListItem","position":1,"name":"Home","item":"https:\/\/www.alfonsea.com\/es\/"},{"@type":"ListItem","position":2,"name":"Pol\u00edtica de Privacidad"}]},{"@type":"WebSite","@id":"https:\/\/www.alfonsea.com\/#website","url":"https:\/\/www.alfonsea.com\/","name":"Alfonsea","description":"Specialists in Bussiness and Tax advising since 1995  ","publisher":{"@id":"https:\/\/www.alfonsea.com\/#organization"},"potentialAction":[{"@type":"SearchAction","target":{"@type":"EntryPoint","urlTemplate":"https:\/\/www.alfonsea.com\/?s={search_term_string}"},"query-input":"required name=search_term_string"}],"inLanguage":"es"},{"@type":"Organization","@id":"https:\/\/www.alfonsea.com\/#organization","name":"Alfonsea","url":"https:\/\/www.alfonsea.com\/","logo":{"@type":"ImageObject","inLanguage":"es","@id":"https:\/\/www.alfonsea.com\/#\/schema\/logo\/image\/","url":"https:\/\/www.alfonsea.com\/wp-content\/uploads\/2020\/03\/logo_alfonsea_1.png","contentUrl":"https:\/\/www.alfonsea.com\/wp-content\/uploads\/2020\/03\/logo_alfonsea_1.png","width":838,"height":343,"caption":"Alfonsea"},"image":{"@id":"https:\/\/www.alfonsea.com\/#\/schema\/logo\/image\/"}}]}},"_links":{"self":[{"href":"https:\/\/www.alfonsea.com\/es\/wp-json\/wp\/v2\/pages\/1377"}],"collection":[{"href":"https:\/\/www.alfonsea.com\/es\/wp-json\/wp\/v2\/pages"}],"about":[{"href":"https:\/\/www.alfonsea.com\/es\/wp-json\/wp\/v2\/types\/page"}],"author":[{"embeddable":true,"href":"https:\/\/www.alfonsea.com\/es\/wp-json\/wp\/v2\/users\/6"}],"replies":[{"embeddable":true,"href":"https:\/\/www.alfonsea.com\/es\/wp-json\/wp\/v2\/comments?post=1377"}],"version-history":[{"count":3,"href":"https:\/\/www.alfonsea.com\/es\/wp-json\/wp\/v2\/pages\/1377\/revisions"}],"predecessor-version":[{"id":1380,"href":"https:\/\/www.alfonsea.com\/es\/wp-json\/wp\/v2\/pages\/1377\/revisions\/1380"}],"wp:attachment":[{"href":"https:\/\/www.alfonsea.com\/es\/wp-json\/wp\/v2\/media?parent=1377"}],"curies":[{"name":"wp","href":"https:\/\/api.w.org\/{rel}","templated":true}]}}