{"id":1388,"date":"2020-05-25T10:06:12","date_gmt":"2020-05-25T10:06:12","guid":{"rendered":"https:\/\/www.alfonsea.com\/politica-de-cookies\/"},"modified":"2020-05-25T10:55:13","modified_gmt":"2020-05-25T10:55:13","slug":"politica-de-cookies","status":"publish","type":"page","link":"https:\/\/www.alfonsea.com\/es\/politica-de-cookies\/","title":{"rendered":"Pol\u00edtica de Cookies"},"content":{"rendered":"<p>[et_pb_section fb_built=\u00bb1&#8243; _builder_version=\u00bb4.4.7&#8243; background_image=\u00bbhttps:\/\/www.alfonsea.com\/wp-content\/uploads\/2020\/05\/office-1516329_1920-1.jpg\u00bb custom_margin_tablet=\u00bb-45px||||false|false\u00bb custom_margin_phone=\u00bb-45px||||false|false\u00bb custom_margin_last_edited=\u00bbon|phone\u00bb custom_padding=\u00bb3.5vw||3.5vw||true|false\u00bb][\/et_pb_section][et_pb_section fb_built=\u00bb1&#8243; _builder_version=\u00bb4.4.7&#8243;][et_pb_row _builder_version=\u00bb4.4.7&#8243;][et_pb_column type=\u00bb4_4&#8243; _builder_version=\u00bb4.4.7&#8243;][et_pb_text _builder_version=\u00bb4.4.7&#8243; hover_enabled=\u00bb0&#8243;]<\/p>\n<h2>\n            <b>Pol\u00edtica de Cookies<\/b><br \/>\n          <\/h2>\n<p>\n            <b><\/b>\n          <\/p>\n<p>La pol\u00edtica de uso de cookies de Pol\u00edtica de Privacidad<\/p>\n<p><strong>\u00bfQu\u00e9 son las cookies?<\/strong><br \/>Las cookies son simples archivos de texto que se almacenan en los navegadores de usuarios. Tienen un uso extendido por parte de las p\u00e1ginas web para brindar una mejor experiencia de navegaci\u00f3n a los usuarios y recibir informaci\u00f3n de tr\u00e1fico. Las cookies no tienen posibilidad de infectar el ordenador con virus ni instalar malware. . Las cookies permiten al servidor ense\u00f1ar p\u00e1ginas personalizadas a los usuarios, por ejemplo recordando su login y evitando la necesidad de ingresarlo cada vez que se visita una p\u00e1gina.<\/p>\n<p>Hay diferentes tipos de cookies para las diversas funciones. Ninguna de ellas contiene informaci\u00f3n personal identificable, son totalmente an\u00f3nimas por lo que la p\u00e1gina web no tiene forma de conocer datos personales de los usuarios a trav\u00e9s de las cookies. Los usuarios pueden elegir no permitir el almacenamiento de cookies.<\/p>\n<\/p>\n<h3>LOS TIPOS DE COOKIES SON:<\/h3>\n<p>\n            <strong>1. Cookies esenciales:<\/strong>\n          <\/p>\n<p>Algunas cookies son estrictamente necesarias para la navegaci\u00f3n de p\u00e1ginas web. Sin ellas, algunas partes de nuestra p\u00e1gina web podr\u00edan funcionar incorrectamente. Estas cookies no guardan informaci\u00f3n de la actividad de los usuarios.<\/p>\n<\/p>\n<h3>COOKIES DE TERCEROS:<\/h3>\n<p>Estas cookies son almacenadas por distintos servicios utilizados en ALFONSEA<br \/>\u00bfCu\u00e1ndo caducan estas cookies?<br \/>Las diferentes cookies tienen distintas fechas de caducidad Algunas son semanales (ej: anuncios pop up ad), algunas tienen una vida m\u00e1s larga (control de rendimiento de la p\u00e1gina web).<\/p>\n<p><strong>\u00bfC\u00f3mo pueden los usuarios controlar o rechazar el uso de cookies?<\/strong><br \/>Los usuarios pueden elegir no almacenar cookies en su navegador en cualquier momento, teniendo en cuenta que esto podr\u00eda afectar la correcta visualizaci\u00f3n de algunas herramientas, y la navegaci\u00f3n general. Los usuarios tienen total control del almacenamiento de cookies en sus navegadores. Algunos navegadores permiten bloquear todas o s\u00f3lo algunas cookies. Las preferencias pueden ajustarse en la configuraci\u00f3n de privacidad de cada navegador:<\/p>\n<p>Chrome \/ Firefox \/ Internet Explorer \/ Safari.<\/p>\n<p><strong>\u00bfQu\u00e9 pasa si un usuario desactiva el almacenamiento de cookies?<\/strong><br \/>Desactivar el almacenamiento de cookies puede afectar la \u00f3ptima navegaci\u00f3n de nuestro sitio web, ya que algunas funcionalidades se desactivar\u00edan. Los usuarios registrados tendr\u00edan que iniciar sesi\u00f3n en cada visita y los anuncios emergentes tambi\u00e9n podr\u00edan volverse a mostrar.<\/p>\n<p><strong>Actualizaci\u00f3n de la pol\u00edtica de cookies<\/strong><br \/>La pol\u00edtica de uso de cookies de ALFONSEA es susceptible a actualizaciones ALFONSEA aconseja a los usuarios consultar esta pol\u00edtica cuando sea posible.<\/p>\n<p><strong>Spam<\/strong><br \/>ALFONSEA no se dedica al env\u00edo masivo de correo, o \u201cspam\u201d. El spam consiste en el env\u00edo de correos electr\u00f3nicos no deseados, normalmente de tipo comercial, en grandes cantidades y de manera repetida, a personas con las que el remitente no ha tenido contacto previo o que no desean recibir dichos mensajes.<\/p>\n<p>Esta p\u00e1gina web utiliza el servicio de remarketing de Google AdWords y Facebook Ads para publicitar en p\u00e1ginas web de terceros (incluyendo a Google) a usuarios que hayan visitado previamente www.alfonsea.com, mediante el uso de cookies. Estos anuncios pueden ense\u00f1arse en la p\u00e1gina de Red de B\u00fasqueda , o en la Red de Display de Google. Los proveedores de terceros, incluido Google, utilizan cookies para publicar anuncios basados en las visitas anteriores de alguien al sitio web de ALFONSEA Los datos recolectados ser\u00e1n utilizados de acuerdo con las pol\u00edticas de privacidad de ALFONSEA y Google.<\/p>\n<p>Los usuarios pueden configurar las preferencias sobre los anuncios que Google les ense\u00f1a mediante la p\u00e1gina de Google Ad Preferences, o elegir no participar en la red de anuncios por intereses cambiando los ajustes de cookies.<\/p>\n<p><strong>Direcciones IP<\/strong><br \/>VI carga en la P\u00e1gina Web las direcciones IP, o la ubicaci\u00f3n de su ordenador en Internet, para optimizar la gesti\u00f3n del sistema y evitar posibles problemas. No usamos los registros de direcciones IP para rastrear su sesi\u00f3n o su comportamiento en esta P\u00e1gina Web. Las direcciones IP se utilizan para recopilar informaci\u00f3n de tr\u00e1fico de car\u00e1cter general. Jam\u00e1s trataremos de identificar a usuarios individuales a trav\u00e9s de sus direcciones IP.<\/p>\n<p><strong>Enlaces a otras p\u00e1ginas web<\/strong><br \/>La presente Pol\u00edtica de Privacidad se aplica solamente a esta P\u00e1gina Web, quedando excluida cualquier web externa a la que podamos enlazar contenidos creyendo que<br \/>pueden ser de inter\u00e9s para nuestros visitantes. Nuestra intenci\u00f3n es garantizar que todos estos enlaces externos son a p\u00e1ginas de calidad. Sin embargo, habida cuenta de la naturaleza de Internet, no podemos garantizar la calidad de todas las p\u00e1ginas web enlazadas ni responsabilizarnos de su contenido.<\/p>\n<\/p>\n<p>[\/et_pb_text][\/et_pb_column][\/et_pb_row][\/et_pb_section]<\/p>\n","protected":false},"excerpt":{"rendered":"<p>Pol\u00edtica de Cookies La pol\u00edtica de uso de cookies de Pol\u00edtica de Privacidad \u00bfQu\u00e9 son las cookies?Las cookies son simples archivos de texto que se almacenan en los navegadores de usuarios. Tienen un uso extendido por parte de las p\u00e1ginas web para brindar una mejor experiencia de navegaci\u00f3n a los usuarios y recibir informaci\u00f3n de [&hellip;]<\/p>\n","protected":false},"author":6,"featured_media":0,"parent":0,"menu_order":0,"comment_status":"closed","ping_status":"closed","template":"","meta":{"_et_pb_use_builder":"on","_et_pb_old_content":"","_et_gb_content_width":"","footnotes":""},"yoast_head":"<!-- This site is optimized with the Yoast SEO plugin v22.6 - https:\/\/yoast.com\/wordpress\/plugins\/seo\/ -->\n<title>Pol\u00edtica de Cookies<\/title>\n<meta name=\"robots\" content=\"index, follow, max-snippet:-1, max-image-preview:large, max-video-preview:-1\" \/>\n<link rel=\"canonical\" href=\"https:\/\/www.alfonsea.com\/es\/politica-de-cookies\/\" \/>\n<meta property=\"og:locale\" content=\"es_ES\" \/>\n<meta property=\"og:type\" content=\"article\" \/>\n<meta property=\"og:title\" content=\"Pol\u00edtica de Cookies\" \/>\n<meta property=\"og:url\" content=\"https:\/\/www.alfonsea.com\/es\/politica-de-cookies\/\" \/>\n<meta property=\"og:site_name\" content=\"Alfonsea\" \/>\n<meta property=\"article:modified_time\" content=\"2020-05-25T10:55:13+00:00\" \/>\n<meta property=\"og:image\" content=\"https:\/\/www.alfonsea.com\/wp-content\/uploads\/2020\/03\/logo_alfonsea_1.png\" \/>\n\t<meta property=\"og:image:width\" content=\"838\" \/>\n\t<meta property=\"og:image:height\" content=\"343\" \/>\n\t<meta property=\"og:image:type\" content=\"image\/png\" \/>\n<meta name=\"twitter:card\" content=\"summary_large_image\" \/>\n<meta name=\"twitter:label1\" content=\"Tiempo de lectura\" \/>\n\t<meta name=\"twitter:data1\" content=\"4 minutos\" \/>\n<script type=\"application\/ld+json\" class=\"yoast-schema-graph\">{\"@context\":\"https:\/\/schema.org\",\"@graph\":[{\"@type\":\"WebPage\",\"@id\":\"https:\/\/www.alfonsea.com\/es\/politica-de-cookies\/\",\"url\":\"https:\/\/www.alfonsea.com\/es\/politica-de-cookies\/\",\"name\":\"Pol\u00edtica de Cookies\",\"isPartOf\":{\"@id\":\"https:\/\/www.alfonsea.com\/#website\"},\"datePublished\":\"2020-05-25T10:06:12+00:00\",\"dateModified\":\"2020-05-25T10:55:13+00:00\",\"breadcrumb\":{\"@id\":\"https:\/\/www.alfonsea.com\/es\/politica-de-cookies\/#breadcrumb\"},\"inLanguage\":\"es\",\"potentialAction\":[{\"@type\":\"ReadAction\",\"target\":[\"https:\/\/www.alfonsea.com\/es\/politica-de-cookies\/\"]}]},{\"@type\":\"BreadcrumbList\",\"@id\":\"https:\/\/www.alfonsea.com\/es\/politica-de-cookies\/#breadcrumb\",\"itemListElement\":[{\"@type\":\"ListItem\",\"position\":1,\"name\":\"Home\",\"item\":\"https:\/\/www.alfonsea.com\/es\/\"},{\"@type\":\"ListItem\",\"position\":2,\"name\":\"Pol\u00edtica de Cookies\"}]},{\"@type\":\"WebSite\",\"@id\":\"https:\/\/www.alfonsea.com\/#website\",\"url\":\"https:\/\/www.alfonsea.com\/\",\"name\":\"Alfonsea\",\"description\":\"Specialists in Bussiness and Tax advising since 1995  \",\"publisher\":{\"@id\":\"https:\/\/www.alfonsea.com\/#organization\"},\"potentialAction\":[{\"@type\":\"SearchAction\",\"target\":{\"@type\":\"EntryPoint\",\"urlTemplate\":\"https:\/\/www.alfonsea.com\/?s={search_term_string}\"},\"query-input\":\"required name=search_term_string\"}],\"inLanguage\":\"es\"},{\"@type\":\"Organization\",\"@id\":\"https:\/\/www.alfonsea.com\/#organization\",\"name\":\"Alfonsea\",\"url\":\"https:\/\/www.alfonsea.com\/\",\"logo\":{\"@type\":\"ImageObject\",\"inLanguage\":\"es\",\"@id\":\"https:\/\/www.alfonsea.com\/#\/schema\/logo\/image\/\",\"url\":\"https:\/\/www.alfonsea.com\/wp-content\/uploads\/2020\/03\/logo_alfonsea_1.png\",\"contentUrl\":\"https:\/\/www.alfonsea.com\/wp-content\/uploads\/2020\/03\/logo_alfonsea_1.png\",\"width\":838,\"height\":343,\"caption\":\"Alfonsea\"},\"image\":{\"@id\":\"https:\/\/www.alfonsea.com\/#\/schema\/logo\/image\/\"}}]}<\/script>\n<!-- \/ Yoast SEO plugin. -->","yoast_head_json":{"title":"Pol\u00edtica de Cookies","robots":{"index":"index","follow":"follow","max-snippet":"max-snippet:-1","max-image-preview":"max-image-preview:large","max-video-preview":"max-video-preview:-1"},"canonical":"https:\/\/www.alfonsea.com\/es\/politica-de-cookies\/","og_locale":"es_ES","og_type":"article","og_title":"Pol\u00edtica de Cookies","og_url":"https:\/\/www.alfonsea.com\/es\/politica-de-cookies\/","og_site_name":"Alfonsea","article_modified_time":"2020-05-25T10:55:13+00:00","og_image":[{"width":838,"height":343,"url":"https:\/\/www.alfonsea.com\/wp-content\/uploads\/2020\/03\/logo_alfonsea_1.png","type":"image\/png"}],"twitter_card":"summary_large_image","twitter_misc":{"Tiempo de lectura":"4 minutos"},"schema":{"@context":"https:\/\/schema.org","@graph":[{"@type":"WebPage","@id":"https:\/\/www.alfonsea.com\/es\/politica-de-cookies\/","url":"https:\/\/www.alfonsea.com\/es\/politica-de-cookies\/","name":"Pol\u00edtica de Cookies","isPartOf":{"@id":"https:\/\/www.alfonsea.com\/#website"},"datePublished":"2020-05-25T10:06:12+00:00","dateModified":"2020-05-25T10:55:13+00:00","breadcrumb":{"@id":"https:\/\/www.alfonsea.com\/es\/politica-de-cookies\/#breadcrumb"},"inLanguage":"es","potentialAction":[{"@type":"ReadAction","target":["https:\/\/www.alfonsea.com\/es\/politica-de-cookies\/"]}]},{"@type":"BreadcrumbList","@id":"https:\/\/www.alfonsea.com\/es\/politica-de-cookies\/#breadcrumb","itemListElement":[{"@type":"ListItem","position":1,"name":"Home","item":"https:\/\/www.alfonsea.com\/es\/"},{"@type":"ListItem","position":2,"name":"Pol\u00edtica de Cookies"}]},{"@type":"WebSite","@id":"https:\/\/www.alfonsea.com\/#website","url":"https:\/\/www.alfonsea.com\/","name":"Alfonsea","description":"Specialists in Bussiness and Tax advising since 1995  ","publisher":{"@id":"https:\/\/www.alfonsea.com\/#organization"},"potentialAction":[{"@type":"SearchAction","target":{"@type":"EntryPoint","urlTemplate":"https:\/\/www.alfonsea.com\/?s={search_term_string}"},"query-input":"required name=search_term_string"}],"inLanguage":"es"},{"@type":"Organization","@id":"https:\/\/www.alfonsea.com\/#organization","name":"Alfonsea","url":"https:\/\/www.alfonsea.com\/","logo":{"@type":"ImageObject","inLanguage":"es","@id":"https:\/\/www.alfonsea.com\/#\/schema\/logo\/image\/","url":"https:\/\/www.alfonsea.com\/wp-content\/uploads\/2020\/03\/logo_alfonsea_1.png","contentUrl":"https:\/\/www.alfonsea.com\/wp-content\/uploads\/2020\/03\/logo_alfonsea_1.png","width":838,"height":343,"caption":"Alfonsea"},"image":{"@id":"https:\/\/www.alfonsea.com\/#\/schema\/logo\/image\/"}}]}},"_links":{"self":[{"href":"https:\/\/www.alfonsea.com\/es\/wp-json\/wp\/v2\/pages\/1388"}],"collection":[{"href":"https:\/\/www.alfonsea.com\/es\/wp-json\/wp\/v2\/pages"}],"about":[{"href":"https:\/\/www.alfonsea.com\/es\/wp-json\/wp\/v2\/types\/page"}],"author":[{"embeddable":true,"href":"https:\/\/www.alfonsea.com\/es\/wp-json\/wp\/v2\/users\/6"}],"replies":[{"embeddable":true,"href":"https:\/\/www.alfonsea.com\/es\/wp-json\/wp\/v2\/comments?post=1388"}],"version-history":[{"count":3,"href":"https:\/\/www.alfonsea.com\/es\/wp-json\/wp\/v2\/pages\/1388\/revisions"}],"predecessor-version":[{"id":1391,"href":"https:\/\/www.alfonsea.com\/es\/wp-json\/wp\/v2\/pages\/1388\/revisions\/1391"}],"wp:attachment":[{"href":"https:\/\/www.alfonsea.com\/es\/wp-json\/wp\/v2\/media?parent=1388"}],"curies":[{"name":"wp","href":"https:\/\/api.w.org\/{rel}","templated":true}]}}