{"id":1398,"date":"2020-05-25T11:15:31","date_gmt":"2020-05-25T11:15:31","guid":{"rendered":"https:\/\/www.alfonsea.com\/?page_id=1398"},"modified":"2020-05-25T11:17:18","modified_gmt":"2020-05-25T11:17:18","slug":"condiciones-de-uso","status":"publish","type":"page","link":"https:\/\/www.alfonsea.com\/es\/condiciones-de-uso\/","title":{"rendered":"Condiciones de uso"},"content":{"rendered":"<p>[et_pb_section fb_built=\u00bb1&#8243; _builder_version=\u00bb4.4.7&#8243; background_image=\u00bbhttps:\/\/www.alfonsea.com\/wp-content\/uploads\/2020\/05\/office-1516329_1920-1.jpg\u00bb custom_margin_tablet=\u00bb-45px||||false|false\u00bb custom_margin_phone=\u00bb-45px||||false|false\u00bb custom_margin_last_edited=\u00bbon|phone\u00bb custom_padding=\u00bb3.5vw||3.5vw||true|false\u00bb][\/et_pb_section][et_pb_section fb_built=\u00bb1&#8243; _builder_version=\u00bb4.4.7&#8243;][et_pb_row _builder_version=\u00bb4.4.7&#8243;][et_pb_column type=\u00bb4_4&#8243; _builder_version=\u00bb4.4.7&#8243;][et_pb_text _builder_version=\u00bb4.4.7&#8243; hover_enabled=\u00bb0&#8243;]<\/p>\n<h2><strong>Condiciones generales de uso<\/strong><\/h2>\n<p><strong><\/strong><\/p>\n<p>La utilizaci\u00f3n de este sitio web est\u00e1 sujeta a la aceptaci\u00f3n de las siguientes condiciones de\u00a0uso. El solo hecho de acceder a esta web est\u00e1 declarando ser mayor de edad y utilizar sus\u00a0contenidos, implica que el usuario ha le\u00eddo y acepta todas las condiciones.<br \/>Les rogamos que lean atentamente.<\/p>\n<p><strong>INFORMACI\u00d3N GENERAL EN CUMPLIMIENTO DE LA LEY DE SERVICIOS DE LA<\/strong><br \/><strong>SOCIEDAD DE LA INFORMACI\u00d3N Y DE COMERCIO ELECTR\u00d3NICO (LSSICE), LEY<\/strong><br \/><strong>34\/2002 DE 11 DE JULIO.<\/strong><br \/>DOMINIOS www.alfonsea.com y www.danielgimenezmartinez.com<br \/>TITULAR Alfonsea \u2013 Daniel Gim\u00e9nez<br \/>DOMICILIO SOCIAL Avda. Diagonal 419, 4\u00ba \u2013 08008 Barcelona<br \/>TEL\u00c9FONO 93.415.05.04<br \/>E-MAIL dgimenez@alfonsea.com<br \/>NIF 46.652.228 \u2013 V<br \/>DATOS REGISTRALES<\/p>\n<p><strong>1. MODIFICACI\u00d3N DE LAS PRESENTES CONDICIONES GENERALES<\/strong><br \/>Alfonsea \u2013 Daniel Gim\u00e9nez (de ahora adelante ALFONSEA), se reserva la facultad de\u00a0realizar, en cualquier momento y sin necesidad de aviso previo, cualquier modificaci\u00f3n o\u00a0actualizaci\u00f3n de los contenidos y servicios de las Condiciones Generales y, en general de\u00a0todos los elementos que integran el dise\u00f1o y la configuraci\u00f3n de esta p\u00e1gina web. Igualmente,\u00a0tambi\u00e9n se reserva el derecho de suspender, temporal o definitivamente, la accesibilidad a<br \/>sus p\u00e1ginas web.<\/p>\n<p><strong>2. PROPIEDAD INTELECTUAL Y PROPIEDAD INDUSTRIAL<\/strong><br \/>Todos los derechos de propiedad industrial e intelectual de la p\u00e1gina www.alfonsea.com y de\u00a0sus contenidos (textos, logos, im\u00e1genes, sonidos, audio, v\u00eddeo, software\u2026) pertenecen a\u00a0ALFONSEA o, en su caso, a terceras personas. El usuario puede visualizar todos los\u00a0elementos, imprimirlos, copiarlos y almacenarlos en el disco duro de su ordenador o en\u00a0cualquier otro soporte f\u00edsico siempre y cuando sea, \u00fanica y exclusivamente, para su uso\u00a0personal y privado, quedando, por tanto, terminantemente prohibida su utilizaci\u00f3n con fines\u00a0comerciales, su distribuci\u00f3n, as\u00ed como su modificaci\u00f3n, alteraci\u00f3n o descompilaci\u00f3n.<\/p>\n<p>Los Usuarios deber\u00e1n abstenerse de obtener, e incluso de intentar obtener, informaciones,\u00a0mensajes, gr\u00e1ficos, dibujos, archivos de sonido y\/o imagen, fotograf\u00edas, grabaciones, software\u00a0y, en general, cualquier clase de material accesibles a trav\u00e9s de la P\u00e1gina o de los Servicios\u00a0(en adelante, los &amp;quot;Contenidos&amp;quot;) empleando para ello medios o procedimientos distintos de los\u00a0que, seg\u00fan los casos, se hayan puesto a su disposici\u00f3n a este efecto o se hayan indicado a\u00a0este efecto en la P\u00e1gina o, en general, de los que se empleen habitualmente en Internet a<br \/>este efecto siempre que no entra\u00f1en un riesgo de da\u00f1o o inutilizaci\u00f3n de la P\u00e1gina, de los\u00a0Servicios y\/o de los Contenidos.<br \/>ALFONSEA no concede ninguna licencia o autorizaci\u00f3n de uso de ninguna clase sobre sus\u00a0derechos de propiedad industrial y\/o intelectual o sobre cualquier otra propiedad o derecho\u00a0relacionado con la P\u00e1gina, los Servicios o los Contenidos.<br \/>Toda vulneraci\u00f3n de los derechos de propiedad intelectual e industrial incluidos en esta web,\u00a0as\u00ed como la infracci\u00f3n de la normativa que los protege establecida en el texto refundido de la\u00a0Ley de Propiedad Intelectual, legislaci\u00f3n referente a la protecci\u00f3n de patentes y marcas, y\u00a0cualquier otra normativa vigente, conllevar\u00e1 las responsabilidades civiles y\/o penales que en\u00a0cada caso correspondan.<\/p>\n<p><strong>3. PROHIBICI\u00d3N DE DIFUSI\u00d3N DE LOS CONTENIDOS E INFORMACI\u00d3N SUMINISTRADA<\/strong><br \/>Los Usuarios se obligan a usar los Contenidos de forma diligente, correcta y l\u00edcita y, en\u00a0particular, se comprometen a abstenerse de:<br \/>1. Utilizar los Contenidos de forma, con fines o efectos contrarios a la Ley, a la moral,\u00a0a las buenas costumbres generalmente aceptadas y al orden p\u00fablico;<br \/>2. Reproducir o copiar, distribuir, permitir el acceso del p\u00fablico a trav\u00e9s de cualquier\u00a0modalidad de comunicaci\u00f3n p\u00fablica, transformar o modificar los Contenidos, a menos\u00a0que se cuente con la autorizaci\u00f3n del titular de los correspondientes derechos o ello\u00a0resulte legalmente permitido;<br \/>3. Suprimir, eludir o manipular el &amp;quot;copyright&amp;quot; y dem\u00e1s datos identificativos de los\u00a0derechos de ALFONSEA o de sus titulares incorporados a los Contenidos, as\u00ed como los\u00a0dispositivos t\u00e9cnicos de protecci\u00f3n, las huellas digitales o cualesquiera mecanismos de\u00a0informaci\u00f3n que pudieren contener los Contenidos;<br \/>4. Emplear los Contenidos y, en particular, la informaci\u00f3n de cualquier clase obtenida\u00a0a trav\u00e9s de la P\u00e1gina o de los Servicios para remitir publicidad, comunicaciones con\u00a0fines de venta directa o con cualquier otra clase de finalidad comercial, mensajes no\u00a0solicitados dirigidos a una pluralidad de personas con independencia de su finalidad, as\u00ed<br \/>como a abstenerse de comercializar o divulgar de cualquier modo dicha informaci\u00f3n.<br \/>ALFONSEA perseguir\u00e1 el incumplimiento de las anteriores condiciones, as\u00ed como cualquier\u00a0utilizaci\u00f3n indebida de los contenidos presentados en su sede ejerciendo todas las acciones\u00a0civiles y penales que le puedan corresponder en derecho.<\/p>\n<p><strong>4. INTRODUCCI\u00d3N DE ENLACES, HIPERENLACES O HIPERV\u00cdNCULOS<\/strong>.<br \/>Los Usuarios y, en general, aquellas personas que se propongan establecer un hiperenlace\u00a0entre su p\u00e1gina web y la P\u00e1gina (en adelante, el &amp;quot;hiperenlace&amp;quot;), sin perjuicio de que\u00a0ALFONSEA desde este mismo instante se reserva el derecho a denegarlos, deber\u00e1n cumplir,\u00a0como m\u00ednimo, las condiciones siguientes:<br \/>\u2013 El hiperenlace \u00fanicamente permitir\u00e1 el acceso a la P\u00e1gina, pero no podr\u00e1 reproducirla\u00a0de ninguna forma.<br \/>\u2013 No se crear\u00e1 un browser ni un border environment sobre la P\u00e1gina.<br \/>\u2013 No se realizar\u00e1n manifestaciones o indicaciones falsas, inexactas o incorrectas sobre\u00a0la P\u00e1gina y los Servicios y, en particular, no se declarar\u00e1 ni dar\u00e1 a entender que\u00a0ALFONSEA ha autorizado el hiperenlace o que ha supervisado o asumido de\u00a0cualquier forma los contenidos o servicios ofrecidos o puestos a disposici\u00f3n de la\u00a0p\u00e1gina web en la que se establece el hiperenlace.<br \/>\u2013 A excepci\u00f3n hecha de aquellos signos que formen parte del mismo hiperenlace, la\u00a0p\u00e1gina web en la que se establezca el hiperenlace no contendr\u00e1 ninguna marca,\u00a0nombre comercial, r\u00f3tulo de establecimiento, denominaci\u00f3n, logotipo, eslogan u otros\u00a0signos distintivos pertenecientes a ALFONSEA.<br \/>\u2013 La p\u00e1gina web en la que se establezca el hiperenlace no contendr\u00e1 informaciones o\u00a0contenidos il\u00edcitos, contrarios a la moral, a las buenas costumbres generalmente\u00a0aceptadas y\/o al orden p\u00fablico, as\u00ed como tampoco contendr\u00e1 contenidos contrarios a\u00a0cualesquiera derechos de terceros. El establecimiento del hiperenlace no implica en<br \/>ning\u00fan caso la existencia de relaciones entre ALFONSEA y el propietario de la p\u00e1gina\u00a0web en la que se establezca, ni la aceptaci\u00f3n y aprobaci\u00f3n por parte de ALFONSEA\u00a0de sus contenidos o servicios.<\/p>\n<p><strong>5. UTILIZACI\u00d3N DE LA P\u00c1GINA, DE LOS SERVICIOS Y DE LOS CONTENIDOS BAJO LA<\/strong><br \/><strong>EXCLUSIVA RESPONSABILIDAD DE LOS USUARIOS<\/strong><br \/>Quien utiliza este sitio web, lo hace por su propia cuenta y riesgo. Los usuarios son\u00a0conscientes y aceptan voluntariamente, que el uso de la P\u00e1gina, de los Servicios y de los\u00a0Contenidos tiene lugar, en todo caso, bajo su \u00fanica y exclusiva responsabilidad.<br \/>Ciertas p\u00e1ginas del sitio web permiten participar a trav\u00e9s de comentarios o bien la generaci\u00f3n\u00a0de contenidos, quedando completamente prohibido propagar contenidos o bien publicidad de\u00a0car\u00e1cter ilegal, racista, xen\u00f3fobo, de apolog\u00eda del terrorismo, atentatorio contra los derechos\u00a0humanos, o bien que alienten al odio, vulneren la dignidad de la persona, de car\u00e1cter injurioso\u00a0o bien calumnioso o bien contra el orden o bien la seguridad p\u00fablica.<br \/>ALFONSEA se reserva el derecho de retirar todos aquellos contenidos que infrinjan lo\u00a0anteriormente expuesto o bien que no resultan \u00fatiles para su publicaci\u00f3n en el sitio web.<\/p>\n<p><strong>6. EXCLUSI\u00d3N DE GARANT\u00cdAS Y RESPONSABILIDAD<\/strong><br \/>6.1 Exclusi\u00f3n de garant\u00eda y responsabilidad por el funcionamiento de la p\u00e1gina Web\u00a0ALFONSEA no garantiza la continuidad, disponibilidad y utilidad de la p\u00e1gina Web, de sus\u00a0servicios y contenidos. Por ello, no responde por los posibles da\u00f1os y perjuicios de cualquier\u00a0naturaleza que se pudieran derivar para los usuarios. Todo ello sin perjuicio de lo previsto en\u00a0estas Condiciones Generales de Uso.<br \/>6.2 Exclusi\u00f3n de garant\u00edas y responsabilidad por los contenidos:<br \/>a) ALFONSEA no garantiza la ausencia de virus ni de otros elementos nocivos, introducidos\u00a0por cualquier medio o por cualquier tercero, que puedan producir alteraciones en el sistema\u00a0inform\u00e1tico de los usuarios o en los documentos electr\u00f3nicos o ficheros almacenados en \u00e9l.<br \/>b) El sitio Web www.alfonsea.com podr\u00eda contener inexactitudes, omisiones relevantes,\u00a0imprecisiones o erratas. ALFONSEA no garantiza, en ning\u00fan caso, la veracidad, licitud,\u00a0exactitud, fiabilidad y actualidad de los datos contenidos en su sitio web.<br \/>Por ello, ALFONSEA no responde de los posibles da\u00f1os y perjuicios de cualquier naturaleza\u00a0que se pudieran derivar para los usuarios, y en particular, aunque no de modo exclusivo, por\u00a0los da\u00f1os y perjuicios que puedan deberse a:<br \/>\u2013 el incumplimiento de la Ley, la moral, las costumbres generalmente aceptadas y\/o el\u00a0orden p\u00fablico como consecuencia de la prestaci\u00f3n de servicios por terceros a trav\u00e9s\u00a0de la P\u00e1gina.<br \/>\u2013 la infracci\u00f3n de los derechos de propiedad intelectual y\/o industrial, de los secretos\u00a0empresariales, de compromisos contractuales de cualquier clase, de los derechos al\u00a0honor, a la intimidad personal y familiar y a la imagen de las personas, de los\u00a0derechos de propiedad y de toda otra naturaleza pertenecientes a un tercero como\u00a0consecuencia de la prestaci\u00f3n de servicios por terceros a trav\u00e9s de la P\u00e1gina.<br \/>\u2013 la realizaci\u00f3n de actos de competencia desleal y publicidad il\u00edcita como consecuencia\u00a0de la prestaci\u00f3n de servicios por terceros a trav\u00e9s de la p\u00e1gina.<br \/>\u2013 la falta de veracidad, exactitud, exhaustividad, pertinencia y\/o actualidad de los\u00a0contenidos transmitidos, difundidos, almacenados, recibidos, obtenidos, puestos a\u00a0disposici\u00f3n o accesibles mediante los servicios prestados por terceros a trav\u00e9s de la\u00a0P\u00e1gina.<br \/>\u2013 el incumplimiento, retraso en el cumplimiento, cumplimiento defectuoso o terminaci\u00f3n\u00a0por cualquier causa de las obligaciones contra\u00eddas por terceros y contratos realizados\u00a0con terceros en relaci\u00f3n con o con motivo de la prestaci\u00f3n de servicios a trav\u00e9s de la\u00a0P\u00e1gina.<br \/>\u2013 los vicios y defectos de toda clase de los servicios prestados por terceros a trav\u00e9s de\u00a0la P\u00e1gina.<br \/>6.3 Exclusi\u00f3n de garant\u00edas y responsabilidad por los servicios y contenidos alojados fuera de\u00a0la p\u00e1gina Web:<\/p>\n<p>ALFONSEA no responde por los da\u00f1os y perjuicios de cualquier naturaleza que se pudieran\u00a0derivar para los usuarios por esta raz\u00f3n. La P\u00e1gina puede poner a disposici\u00f3n de los Usuarios\u00a0dispositivos t\u00e9cnicos de enlace (tales como, entre otros, links, banners, botones), directorios y\u00a0herramientas de b\u00fasqueda que permiten a los Usuarios acceder a sitios web pertenecientes\u00a0y\/o gestionados por terceros. La instalaci\u00f3n de estos enlaces, directorios y herramientas de<br \/>b\u00fasqueda en la P\u00e1gina tiene por \u00fanico objeto facilitar a los Usuarios la b\u00fasqueda de y acceso\u00a0a la informaci\u00f3n disponible en Internet. ALFONSEA no ofrece ni comercializa por s\u00ed ni por\u00a0medio de terceros los productos y servicios disponibles en dichos sitios enlazados.<br \/>ALFONSEA tampoco controla previamente, aprueba, vigila ni hace propios los productos y\u00a0servicios, contenidos, informaci\u00f3n, datos, archivos y cualquier clase de material existente en\u00a0los referidos sitios enlazados. Los Usuarios, por tanto, deben extremar la prudencia en la\u00a0valoraci\u00f3n y utilizaci\u00f3n de los servicios, informaci\u00f3n, datos, archivos, productos y cualquier\u00a0clase de material existente en los mismos. ALFONSEA no garantiza ni asume ning\u00fan tipo de<br \/>responsabilidad por los da\u00f1os y perjuicios de toda clase que puedan deberse a:<br \/>(a) el funcionamiento, disponibilidad, accesibilidad o continuidad de los sitios enlazados;<br \/>(b) el mantenimiento de los servicios, informaci\u00f3n, datos, archivos, productos y cualquier\u00a0clase de material existente en los sitios enlazados;<br \/>(c) la prestaci\u00f3n o transmisi\u00f3n de los servicios, informaci\u00f3n, datos, archivos, productos y\u00a0cualquier clase de material existente en los sitios enlazados;<br \/>(d) la calidad, licitud, fiabilidad y utilidad de los servicios, informaci\u00f3n, datos, archivos,\u00a0productos y cualquier clase de material existente en los sitios enlazados, en los mismos\u00a0t\u00e9rminos y con el mismo alcance dispuesto en la condici\u00f3n general 6.2 respecto de los\u00a0contenidos y de los servicios prestados por terceros a trav\u00e9s de la p\u00e1gina.<br \/>6.4 Exclusi\u00f3n de garant\u00edas y responsabilidad por la utilizaci\u00f3n que los usuarios puedan hacer\u00a0de la p\u00e1gina Web, los servicios y contenidos:<br \/>ALFONSEA no controla ni supervisa que los usuarios utilicen la p\u00e1gina Web, sus servicios y\u00a0contenidos de conformidad con lo dispuesto en las presentes Condiciones Generales. Por ello\u00a0ALFONSEA no asume ning\u00fan tipo de responsabilidad frente a terceros por el comportamiento\u00a0de los usuarios.<\/p>\n<p><strong>7. RESPONSABILIDAD POR DA\u00d1OS Y PERJUICIOS<\/strong><br \/>Los Usuarios responder\u00e1n de los da\u00f1os y perjuicios de toda naturaleza que ALFONSEA\u00a0pueda sufrir, directa o indirectamente, como consecuencia del incumplimiento de cualquiera\u00a0de las obligaciones derivadas de las Condiciones o de la Ley, en relaci\u00f3n con la utilizaci\u00f3n de\u00a0la P\u00e1gina.<\/p>\n<p><strong>8. DURACI\u00d3N Y TERMINACI\u00d3N<\/strong><br \/>La prestaci\u00f3n del servicio de la P\u00e1gina tiene, en principio, una duraci\u00f3n indefinida.<br \/>ALFONSEA, no obstante, puede dar por terminada o suspender la prestaci\u00f3n del servicio de\u00a0la P\u00e1gina en cualquier momento, sin perjuicio de lo que se hubiere dispuesto al respecto en\u00a0las correspondientes Condiciones Generales. Cuando ello sea razonablemente posible,\u00a0ALFONSEA advertir\u00e1 previamente de la terminaci\u00f3n o suspensi\u00f3n de la prestaci\u00f3n del\u00a0servicio de la P\u00e1gina a los Usuarios.<\/p>\n<p><strong>9. LEY APLICABLE Y JURISDICCI\u00d3N<\/strong><br \/>Estas Condiciones Generales tienen car\u00e1cter mercantil y se regir\u00e1n por sus propias\u00a0estipulaciones, y en lo que en ellas no estuviera previsto por el C\u00f3digo de Comercio, Leyes\u00a0Especiales, Usos Mercantiles y en su defecto por lo dispuesto en el C\u00f3digo Civil del\u00a0Ordenamiento Jur\u00eddico Espa\u00f1ol. Ambas partes acuerdan someterse a la jurisdicci\u00f3n de los\u00a0Juzgados y Tribunales de la ciudad de Barcelona.<\/p>\n<p>[\/et_pb_text][\/et_pb_column][\/et_pb_row][\/et_pb_section]<\/p>\n","protected":false},"excerpt":{"rendered":"<p>Condiciones generales de uso La utilizaci\u00f3n de este sitio web est\u00e1 sujeta a la aceptaci\u00f3n de las siguientes condiciones de\u00a0uso. El solo hecho de acceder a esta web est\u00e1 declarando ser mayor de edad y utilizar sus\u00a0contenidos, implica que el usuario ha le\u00eddo y acepta todas las condiciones.Les rogamos que lean atentamente. INFORMACI\u00d3N GENERAL EN [&hellip;]<\/p>\n","protected":false},"author":6,"featured_media":0,"parent":0,"menu_order":0,"comment_status":"closed","ping_status":"closed","template":"","meta":{"_et_pb_use_builder":"on","_et_pb_old_content":"","_et_gb_content_width":"","footnotes":""},"yoast_head":"<!-- This site is optimized with the Yoast SEO plugin v22.6 - https:\/\/yoast.com\/wordpress\/plugins\/seo\/ -->\n<title>Condiciones de uso<\/title>\n<meta name=\"robots\" content=\"index, follow, max-snippet:-1, max-image-preview:large, max-video-preview:-1\" \/>\n<link rel=\"canonical\" href=\"https:\/\/www.alfonsea.com\/es\/condiciones-de-uso\/\" \/>\n<meta property=\"og:locale\" content=\"es_ES\" \/>\n<meta property=\"og:type\" content=\"article\" \/>\n<meta property=\"og:title\" content=\"Condiciones de uso\" \/>\n<meta property=\"og:url\" content=\"https:\/\/www.alfonsea.com\/es\/condiciones-de-uso\/\" \/>\n<meta property=\"og:site_name\" content=\"Alfonsea\" \/>\n<meta property=\"article:modified_time\" content=\"2020-05-25T11:17:18+00:00\" \/>\n<meta property=\"og:image\" content=\"https:\/\/www.alfonsea.com\/wp-content\/uploads\/2020\/03\/logo_alfonsea_1.png\" \/>\n\t<meta property=\"og:image:width\" content=\"838\" \/>\n\t<meta property=\"og:image:height\" content=\"343\" \/>\n\t<meta property=\"og:image:type\" content=\"image\/png\" \/>\n<meta name=\"twitter:card\" content=\"summary_large_image\" \/>\n<meta name=\"twitter:label1\" content=\"Tiempo de lectura\" \/>\n\t<meta name=\"twitter:data1\" content=\"12 minutos\" \/>\n<script type=\"application\/ld+json\" class=\"yoast-schema-graph\">{\"@context\":\"https:\/\/schema.org\",\"@graph\":[{\"@type\":\"WebPage\",\"@id\":\"https:\/\/www.alfonsea.com\/es\/condiciones-de-uso\/\",\"url\":\"https:\/\/www.alfonsea.com\/es\/condiciones-de-uso\/\",\"name\":\"Condiciones de uso\",\"isPartOf\":{\"@id\":\"https:\/\/www.alfonsea.com\/#website\"},\"datePublished\":\"2020-05-25T11:15:31+00:00\",\"dateModified\":\"2020-05-25T11:17:18+00:00\",\"breadcrumb\":{\"@id\":\"https:\/\/www.alfonsea.com\/es\/condiciones-de-uso\/#breadcrumb\"},\"inLanguage\":\"es\",\"potentialAction\":[{\"@type\":\"ReadAction\",\"target\":[\"https:\/\/www.alfonsea.com\/es\/condiciones-de-uso\/\"]}]},{\"@type\":\"BreadcrumbList\",\"@id\":\"https:\/\/www.alfonsea.com\/es\/condiciones-de-uso\/#breadcrumb\",\"itemListElement\":[{\"@type\":\"ListItem\",\"position\":1,\"name\":\"Home\",\"item\":\"https:\/\/www.alfonsea.com\/es\/\"},{\"@type\":\"ListItem\",\"position\":2,\"name\":\"Condiciones de uso\"}]},{\"@type\":\"WebSite\",\"@id\":\"https:\/\/www.alfonsea.com\/#website\",\"url\":\"https:\/\/www.alfonsea.com\/\",\"name\":\"Alfonsea\",\"description\":\"Specialists in Bussiness and Tax advising since 1995  \",\"publisher\":{\"@id\":\"https:\/\/www.alfonsea.com\/#organization\"},\"potentialAction\":[{\"@type\":\"SearchAction\",\"target\":{\"@type\":\"EntryPoint\",\"urlTemplate\":\"https:\/\/www.alfonsea.com\/?s={search_term_string}\"},\"query-input\":\"required name=search_term_string\"}],\"inLanguage\":\"es\"},{\"@type\":\"Organization\",\"@id\":\"https:\/\/www.alfonsea.com\/#organization\",\"name\":\"Alfonsea\",\"url\":\"https:\/\/www.alfonsea.com\/\",\"logo\":{\"@type\":\"ImageObject\",\"inLanguage\":\"es\",\"@id\":\"https:\/\/www.alfonsea.com\/#\/schema\/logo\/image\/\",\"url\":\"https:\/\/www.alfonsea.com\/wp-content\/uploads\/2020\/03\/logo_alfonsea_1.png\",\"contentUrl\":\"https:\/\/www.alfonsea.com\/wp-content\/uploads\/2020\/03\/logo_alfonsea_1.png\",\"width\":838,\"height\":343,\"caption\":\"Alfonsea\"},\"image\":{\"@id\":\"https:\/\/www.alfonsea.com\/#\/schema\/logo\/image\/\"}}]}<\/script>\n<!-- \/ Yoast SEO plugin. -->","yoast_head_json":{"title":"Condiciones de uso","robots":{"index":"index","follow":"follow","max-snippet":"max-snippet:-1","max-image-preview":"max-image-preview:large","max-video-preview":"max-video-preview:-1"},"canonical":"https:\/\/www.alfonsea.com\/es\/condiciones-de-uso\/","og_locale":"es_ES","og_type":"article","og_title":"Condiciones de uso","og_url":"https:\/\/www.alfonsea.com\/es\/condiciones-de-uso\/","og_site_name":"Alfonsea","article_modified_time":"2020-05-25T11:17:18+00:00","og_image":[{"width":838,"height":343,"url":"https:\/\/www.alfonsea.com\/wp-content\/uploads\/2020\/03\/logo_alfonsea_1.png","type":"image\/png"}],"twitter_card":"summary_large_image","twitter_misc":{"Tiempo de lectura":"12 minutos"},"schema":{"@context":"https:\/\/schema.org","@graph":[{"@type":"WebPage","@id":"https:\/\/www.alfonsea.com\/es\/condiciones-de-uso\/","url":"https:\/\/www.alfonsea.com\/es\/condiciones-de-uso\/","name":"Condiciones de uso","isPartOf":{"@id":"https:\/\/www.alfonsea.com\/#website"},"datePublished":"2020-05-25T11:15:31+00:00","dateModified":"2020-05-25T11:17:18+00:00","breadcrumb":{"@id":"https:\/\/www.alfonsea.com\/es\/condiciones-de-uso\/#breadcrumb"},"inLanguage":"es","potentialAction":[{"@type":"ReadAction","target":["https:\/\/www.alfonsea.com\/es\/condiciones-de-uso\/"]}]},{"@type":"BreadcrumbList","@id":"https:\/\/www.alfonsea.com\/es\/condiciones-de-uso\/#breadcrumb","itemListElement":[{"@type":"ListItem","position":1,"name":"Home","item":"https:\/\/www.alfonsea.com\/es\/"},{"@type":"ListItem","position":2,"name":"Condiciones de uso"}]},{"@type":"WebSite","@id":"https:\/\/www.alfonsea.com\/#website","url":"https:\/\/www.alfonsea.com\/","name":"Alfonsea","description":"Specialists in Bussiness and Tax advising since 1995  ","publisher":{"@id":"https:\/\/www.alfonsea.com\/#organization"},"potentialAction":[{"@type":"SearchAction","target":{"@type":"EntryPoint","urlTemplate":"https:\/\/www.alfonsea.com\/?s={search_term_string}"},"query-input":"required name=search_term_string"}],"inLanguage":"es"},{"@type":"Organization","@id":"https:\/\/www.alfonsea.com\/#organization","name":"Alfonsea","url":"https:\/\/www.alfonsea.com\/","logo":{"@type":"ImageObject","inLanguage":"es","@id":"https:\/\/www.alfonsea.com\/#\/schema\/logo\/image\/","url":"https:\/\/www.alfonsea.com\/wp-content\/uploads\/2020\/03\/logo_alfonsea_1.png","contentUrl":"https:\/\/www.alfonsea.com\/wp-content\/uploads\/2020\/03\/logo_alfonsea_1.png","width":838,"height":343,"caption":"Alfonsea"},"image":{"@id":"https:\/\/www.alfonsea.com\/#\/schema\/logo\/image\/"}}]}},"_links":{"self":[{"href":"https:\/\/www.alfonsea.com\/es\/wp-json\/wp\/v2\/pages\/1398"}],"collection":[{"href":"https:\/\/www.alfonsea.com\/es\/wp-json\/wp\/v2\/pages"}],"about":[{"href":"https:\/\/www.alfonsea.com\/es\/wp-json\/wp\/v2\/types\/page"}],"author":[{"embeddable":true,"href":"https:\/\/www.alfonsea.com\/es\/wp-json\/wp\/v2\/users\/6"}],"replies":[{"embeddable":true,"href":"https:\/\/www.alfonsea.com\/es\/wp-json\/wp\/v2\/comments?post=1398"}],"version-history":[{"count":3,"href":"https:\/\/www.alfonsea.com\/es\/wp-json\/wp\/v2\/pages\/1398\/revisions"}],"predecessor-version":[{"id":1403,"href":"https:\/\/www.alfonsea.com\/es\/wp-json\/wp\/v2\/pages\/1398\/revisions\/1403"}],"wp:attachment":[{"href":"https:\/\/www.alfonsea.com\/es\/wp-json\/wp\/v2\/media?parent=1398"}],"curies":[{"name":"wp","href":"https:\/\/api.w.org\/{rel}","templated":true}]}}