{"id":621,"date":"2020-03-24T23:07:33","date_gmt":"2020-03-24T23:07:33","guid":{"rendered":"https:\/\/www.alfonsea.com\/daniel-gimenez\/"},"modified":"2020-05-26T08:01:56","modified_gmt":"2020-05-26T08:01:56","slug":"daniel-gimenez","status":"publish","type":"page","link":"https:\/\/www.alfonsea.com\/es\/daniel-gimenez\/","title":{"rendered":"Daniel Gim\u00e9nez"},"content":{"rendered":"<p>[et_pb_section fb_built=\u00bb1&#8243; _builder_version=\u00bb4.4.7&#8243; background_image=\u00bbhttps:\/\/www.alfonsea.com\/wp-content\/uploads\/2020\/05\/office-1516329_1920-1.jpg\u00bb custom_margin_tablet=\u00bb-45px||||false|false\u00bb custom_margin_phone=\u00bb-45px||||false|false\u00bb custom_margin_last_edited=\u00bbon|phone\u00bb custom_padding=\u00bb3.5vw||3.5vw||true|false\u00bb][\/et_pb_section][et_pb_section fb_built=\u00bb1&#8243; admin_label=\u00bbFeatures\u00bb _builder_version=\u00bb4.4.7&#8243; custom_margin=\u00bb70px||||false|false\u00bb custom_margin_tablet=\u00bb0px||||false|false\u00bb custom_margin_phone=\u00bb0px||||false|false\u00bb custom_margin_last_edited=\u00bbon|phone\u00bb custom_padding=\u00bb0|0px|0px|0px|false|false\u00bb][et_pb_row column_structure=\u00bb1_2,1_2&#8243; use_custom_gutter=\u00bbon\u00bb custom_padding_last_edited=\u00bbon|tablet\u00bb padding_top_bottom_link_2=\u00bbtrue\u00bb padding_left_right_link_2=\u00bbfalse\u00bb _builder_version=\u00bb4.4.7&#8243; width=\u00bb100%\u00bb max_width=\u00bb100%\u00bb module_alignment=\u00bbleft\u00bb custom_margin=\u00bb|auto||auto|false|false\u00bb custom_padding=\u00bb0|12%|0px|0px|false|false\u00bb custom_padding_tablet=\u00bb|0%||\u00bb custom_padding_phone=\u00bb\u00bb hover_enabled=\u00bb0&#8243; use_custom_width=\u00bbon\u00bb width_unit=\u00bboff\u00bb custom_width_percent=\u00bb100%\u00bb locked=\u00bboff\u00bb][et_pb_column type=\u00bb1_2&#8243; _builder_version=\u00bb3.25&#8243; custom_padding=\u00bb|||\u00bb custom_padding__hover=\u00bb|||\u00bb][et_pb_image src=\u00bbhttps:\/\/www.alfonsea.com\/wp-content\/uploads\/2020\/03\/daniel_expertos.jpg\u00bb force_fullwidth=\u00bbon\u00bb align_tablet=\u00bbcenter\u00bb align_phone=\u00bb\u00bb align_last_edited=\u00bbon|desktop\u00bb _builder_version=\u00bb4.4.1&#8243; use_background_color_gradient=\u00bbon\u00bb background_color_gradient_start=\u00bb#377f7d\u00bb background_color_gradient_end=\u00bbrgba(239,242,244,0)\u00bb background_color_gradient_direction=\u00bb90deg\u00bb background_color_gradient_start_position=\u00bb80%\u00bb background_color_gradient_end_position=\u00bb20%\u00bb custom_padding=\u00bb||20%|\u00bb custom_padding_tablet=\u00bb||60px|\u00bb custom_padding_phone=\u00bb\u00bb custom_padding_last_edited=\u00bbon|desktop\u00bb animation_style=\u00bbslide\u00bb animation_direction=\u00bbleft\u00bb animation_intensity_slide=\u00bb3%\u00bb box_shadow_style=\u00bbpreset3&#8243; box_shadow_vertical=\u00bb80px\u00bb box_shadow_blur=\u00bb80px\u00bb box_shadow_spread=\u00bb-30px\u00bb][\/et_pb_image][\/et_pb_column][et_pb_column type=\u00bb1_2&#8243; _builder_version=\u00bb3.25&#8243; custom_padding=\u00bb6vw||6vw|\u00bb custom_padding_tablet=\u00bb|10%||10%|false|true\u00bb custom_padding_phone=\u00bb||||false|false\u00bb custom_padding_last_edited=\u00bbon|tablet\u00bb padding_phone=\u00bb||||false|false\u00bb padding_tablet=\u00bb|10%||10%|false|true\u00bb padding_last_edited=\u00bbon|tablet\u00bb custom_padding__hover=\u00bb|||\u00bb][et_pb_text _builder_version=\u00bb4.4.7&#8243; text_font=\u00bbRaleway||||||||\u00bb text_line_height=\u00bb1.9em\u00bb link_font=\u00bb|600|||||||\u00bb header_font=\u00bb||||||||\u00bb header_2_font=\u00bbRaleway|700|||||||\u00bb header_2_text_color=\u00bb#183d34&#8243; header_2_font_size=\u00bb40px\u00bb header_2_line_height=\u00bb1.5em\u00bb header_3_font=\u00bbRaleway|600|||||||\u00bb header_3_text_color=\u00bb#377f7d\u00bb header_3_font_size=\u00bb28px\u00bb header_6_font=\u00bb||||||||\u00bb max_width=\u00bb600px\u00bb max_width_last_edited=\u00bboff|desktop\u00bb custom_margin=\u00bb-102px||-45px||false|false\u00bb custom_margin_tablet=\u00bb0px||||false|false\u00bb custom_margin_phone=\u00bb0px||-45px||false|false\u00bb custom_margin_last_edited=\u00bbon|phone\u00bb custom_padding=\u00bb|||\u00bb hover_enabled=\u00bb0&#8243; header_2_font_size_tablet=\u00bb30px\u00bb header_2_font_size_phone=\u00bb24px\u00bb header_2_font_size_last_edited=\u00bbon|phone\u00bb locked=\u00bboff\u00bb]<\/p>\n<h2>Daniel Gim\u00e9nez Mart\u00ednez<\/h2>\n<h3>Socio director<\/h3>\n<p><a href=\"mailto:dgimenez@alfonsea.com\">dgimenez@alfonsea.com<\/a>\u00a0<\/p>\n<p>&nbsp;<\/p>\n<p>&nbsp;<\/p>\n<p>[\/et_pb_text][et_pb_text _builder_version=\u00bb4.4.7&#8243; text_font=\u00bbRaleway||||||||\u00bb link_font=\u00bb|600|||||||\u00bb header_font=\u00bb||||||||\u00bb header_2_font=\u00bbRaleway|700|||||||\u00bb header_2_text_color=\u00bb#183d34&#8243; header_2_font_size=\u00bb40px\u00bb header_2_line_height=\u00bb1.5em\u00bb header_3_font=\u00bbRaleway|500|||||||\u00bb header_3_text_color=\u00bb#183d34&#8243; header_3_font_size=\u00bb28px\u00bb header_6_font=\u00bb||||||||\u00bb max_width=\u00bb600px\u00bb max_width_last_edited=\u00bboff|desktop\u00bb custom_margin=\u00bb-2px|||||\u00bb custom_padding=\u00bb|||\u00bb hover_enabled=\u00bb0&#8243; header_2_font_size_tablet=\u00bb30px\u00bb header_2_font_size_phone=\u00bb24px\u00bb header_2_font_size_last_edited=\u00bbon|phone\u00bb locked=\u00bboff\u00bb]<\/p>\n<h4>Formaci\u00f3n<\/h4>\n<p>&nbsp;<\/p>\n<p>Diplomado en Ciencias Empresariales por la Universidad de Barcelona.<\/p>\n<p>Licenciado en Direcci\u00f3n y Administraci\u00f3n de Empresas por la Universidad de Barcelona.<\/p>\n<p>Auditor Censor Jurado de Cuentas.<\/p>\n<p>Inscrito en el Registro Oficial de Auditores de Cuentas (n\u00ba 6.031).<\/p>\n<p>Miembro del Ilustre Colegio de Economistas de Catalunya.<\/p>\n<p>Miembro de la Asociaci\u00f3n Espa\u00f1ola de Asesores Fiscales.<\/p>\n<p>Inscrito en el Registro de Expertos contables de Instituto de Censores Jurados de Cuentas de Espa\u00f1a (n\u00ba 2.490).<\/p>\n<p>[\/et_pb_text][et_pb_text _builder_version=\u00bb4.4.7&#8243; text_font=\u00bbRaleway||||||||\u00bb link_font=\u00bb|600|||||||\u00bb header_font=\u00bb||||||||\u00bb header_2_font=\u00bbRaleway|700|||||||\u00bb header_2_text_color=\u00bb#183d34&#8243; header_2_font_size=\u00bb40px\u00bb header_2_line_height=\u00bb1.5em\u00bb header_3_font=\u00bbRaleway|500|||||||\u00bb header_3_text_color=\u00bb#183d34&#8243; header_3_font_size=\u00bb28px\u00bb header_6_font=\u00bb||||||||\u00bb max_width=\u00bb600px\u00bb max_width_last_edited=\u00bboff|desktop\u00bb custom_margin=\u00bb|||\u00bb custom_padding=\u00bb|||\u00bb hover_enabled=\u00bb0&#8243; header_2_font_size_tablet=\u00bb30px\u00bb header_2_font_size_phone=\u00bb24px\u00bb header_2_font_size_last_edited=\u00bbon|phone\u00bb locked=\u00bboff\u00bb]<\/p>\n<h4>Pr\u00e1ctica profesional<\/h4>\n<p>&nbsp;<\/p>\n<div class=\"wpb_text_column wpb_content_element \">\n<div class=\"wpb_wrapper\">\n<p>Inici\u00f3 su carrera profesional en 1995 como asesor fiscal en el despacho Alfonsea llegando a ser en la actualidad su director.<\/p>\n<p>Tiene una dilatada experiencia en el asesoramiento a la empresa familiar, as\u00ed como en la consolidaci\u00f3n contable y fiscal de grandes grupos empresariales.<\/p>\n<\/div>\n<\/div>\n<div class=\"wpb_text_column wpb_content_element \">\n<div class=\"wpb_wrapper\"><\/div>\n<\/div>\n<p>&nbsp;<\/p>\n<p>[\/et_pb_text][et_pb_text _builder_version=\u00bb4.4.7&#8243; text_font=\u00bbRaleway||||||||\u00bb link_font=\u00bb|600|||||||\u00bb header_font=\u00bb||||||||\u00bb header_2_font=\u00bbRaleway|700|||||||\u00bb header_2_text_color=\u00bb#183d34&#8243; header_2_font_size=\u00bb40px\u00bb header_2_line_height=\u00bb1.5em\u00bb header_3_font=\u00bbRaleway|500|||||||\u00bb header_3_text_color=\u00bb#183d34&#8243; header_3_font_size=\u00bb28px\u00bb header_6_font=\u00bb||||||||\u00bb max_width=\u00bb100%\u00bb max_width_last_edited=\u00bboff|desktop\u00bb custom_margin=\u00bb||||false|false\u00bb custom_padding=\u00bb|||\u00bb hover_enabled=\u00bb0&#8243; header_2_font_size_tablet=\u00bb30px\u00bb header_2_font_size_phone=\u00bb24px\u00bb header_2_font_size_last_edited=\u00bbon|phone\u00bb locked=\u00bboff\u00bb]<\/p>\n<h4>\u00daltimas publicaciones<\/h4>\n<p>&nbsp;<\/p>\n<div class=\"wpb_text_column wpb_content_element \">\n<div class=\"wpb_wrapper\">\n<p><em>\u00bfI si l\u2019agencia tribut\u00e0ria es presenta per sorpresa a la seva empresa?. L\u2019Econ\u00f2mic \u2013 2015<\/em><\/p>\n<p><em><a href=\"https:\/\/web.archive.org\/web\/20190904102524\/http:\/\/blog.sage.es\/fiscal\/modelos-de-pagos-fraccionados\/\">Estas son todas las novedades en los modelos de pagos fraccionados.<\/a><span>\u00a0<\/span>Sage Experience \u2013 abril 2017<\/em><\/p>\n<p><em><a href=\"https:\/\/web.archive.org\/web\/20190904102524\/http:\/\/blog.sage.es\/contabilidad\/oblicaciones-en-abril\/\">En abril, departamentos financieros a mil.<\/a><span>\u00a0<\/span>Sage Experience \u2013 abril 2017<\/em><\/p>\n<p><em><a href=\"https:\/\/web.archive.org\/web\/20190904102524\/http:\/\/blog.sage.es\/contabilidad\/la-factura-perfecta-infografia\/\">C\u00f3mo hacer la factura perfecta.<\/a><span>\u00a0<\/span>Sage Experience \u2013 abril 2017<\/em><\/p>\n<p><em><a href=\"https:\/\/web.archive.org\/web\/20190904102524\/http:\/\/blog.sage.es\/economia-empresa\/como-afecta-el-sii-a-los-inscritos-en-el-redeme\/\">\u00bfPor qu\u00e9 es una buena idea inscribirse en el RADEME?<\/a><span>\u00a0<\/span>Sage Experience \u2013 mayo 2017<\/em><\/p>\n<\/div>\n<\/div>\n<div class=\"wpb_text_column wpb_content_element \">\n<div class=\"wpb_wrapper\"><\/div>\n<\/div>\n<p>&nbsp;<\/p>\n<p>[\/et_pb_text][\/et_pb_column][\/et_pb_row][\/et_pb_section]<\/p>\n","protected":false},"excerpt":{"rendered":"<p>Daniel Gim\u00e9nez Mart\u00ednez Socio director dgimenez@alfonsea.com\u00a0 &nbsp; &nbsp; Formaci\u00f3n &nbsp; Diplomado en Ciencias Empresariales por la Universidad de Barcelona. Licenciado en Direcci\u00f3n y Administraci\u00f3n de Empresas por la Universidad de Barcelona. Auditor Censor Jurado de Cuentas. Inscrito en el Registro Oficial de Auditores de Cuentas (n\u00ba 6.031). Miembro del Ilustre Colegio de Economistas de Catalunya. [&hellip;]<\/p>\n","protected":false},"author":6,"featured_media":0,"parent":0,"menu_order":0,"comment_status":"closed","ping_status":"closed","template":"","meta":{"_et_pb_use_builder":"on","_et_pb_old_content":"","_et_gb_content_width":"","footnotes":""},"yoast_head":"<!-- This site is optimized with the Yoast SEO plugin v22.6 - https:\/\/yoast.com\/wordpress\/plugins\/seo\/ -->\n<title>Daniel Gim\u00e9nez<\/title>\n<meta name=\"robots\" content=\"index, follow, max-snippet:-1, max-image-preview:large, max-video-preview:-1\" \/>\n<link rel=\"canonical\" href=\"https:\/\/www.alfonsea.com\/es\/daniel-gimenez\/\" \/>\n<meta property=\"og:locale\" content=\"es_ES\" \/>\n<meta property=\"og:type\" content=\"article\" \/>\n<meta property=\"og:title\" content=\"Daniel Gim\u00e9nez\" \/>\n<meta property=\"og:url\" content=\"https:\/\/www.alfonsea.com\/es\/daniel-gimenez\/\" \/>\n<meta property=\"og:site_name\" content=\"Alfonsea\" \/>\n<meta property=\"article:modified_time\" content=\"2020-05-26T08:01:56+00:00\" \/>\n<meta property=\"og:image\" content=\"https:\/\/www.alfonsea.com\/wp-content\/uploads\/2020\/03\/logo_alfonsea_1.png\" \/>\n\t<meta property=\"og:image:width\" content=\"838\" \/>\n\t<meta property=\"og:image:height\" content=\"343\" \/>\n\t<meta property=\"og:image:type\" content=\"image\/png\" \/>\n<meta name=\"twitter:card\" content=\"summary_large_image\" \/>\n<meta name=\"twitter:label1\" content=\"Tiempo de lectura\" \/>\n\t<meta name=\"twitter:data1\" content=\"4 minutos\" \/>\n<script type=\"application\/ld+json\" class=\"yoast-schema-graph\">{\"@context\":\"https:\/\/schema.org\",\"@graph\":[{\"@type\":\"WebPage\",\"@id\":\"https:\/\/www.alfonsea.com\/es\/daniel-gimenez\/\",\"url\":\"https:\/\/www.alfonsea.com\/es\/daniel-gimenez\/\",\"name\":\"Daniel Gim\u00e9nez\",\"isPartOf\":{\"@id\":\"https:\/\/www.alfonsea.com\/#website\"},\"datePublished\":\"2020-03-24T23:07:33+00:00\",\"dateModified\":\"2020-05-26T08:01:56+00:00\",\"breadcrumb\":{\"@id\":\"https:\/\/www.alfonsea.com\/es\/daniel-gimenez\/#breadcrumb\"},\"inLanguage\":\"es\",\"potentialAction\":[{\"@type\":\"ReadAction\",\"target\":[\"https:\/\/www.alfonsea.com\/es\/daniel-gimenez\/\"]}]},{\"@type\":\"BreadcrumbList\",\"@id\":\"https:\/\/www.alfonsea.com\/es\/daniel-gimenez\/#breadcrumb\",\"itemListElement\":[{\"@type\":\"ListItem\",\"position\":1,\"name\":\"Home\",\"item\":\"https:\/\/www.alfonsea.com\/es\/\"},{\"@type\":\"ListItem\",\"position\":2,\"name\":\"Daniel Gim\u00e9nez\"}]},{\"@type\":\"WebSite\",\"@id\":\"https:\/\/www.alfonsea.com\/#website\",\"url\":\"https:\/\/www.alfonsea.com\/\",\"name\":\"Alfonsea\",\"description\":\"Specialists in Bussiness and Tax advising since 1995  \",\"publisher\":{\"@id\":\"https:\/\/www.alfonsea.com\/#organization\"},\"potentialAction\":[{\"@type\":\"SearchAction\",\"target\":{\"@type\":\"EntryPoint\",\"urlTemplate\":\"https:\/\/www.alfonsea.com\/?s={search_term_string}\"},\"query-input\":\"required name=search_term_string\"}],\"inLanguage\":\"es\"},{\"@type\":\"Organization\",\"@id\":\"https:\/\/www.alfonsea.com\/#organization\",\"name\":\"Alfonsea\",\"url\":\"https:\/\/www.alfonsea.com\/\",\"logo\":{\"@type\":\"ImageObject\",\"inLanguage\":\"es\",\"@id\":\"https:\/\/www.alfonsea.com\/#\/schema\/logo\/image\/\",\"url\":\"https:\/\/www.alfonsea.com\/wp-content\/uploads\/2020\/03\/logo_alfonsea_1.png\",\"contentUrl\":\"https:\/\/www.alfonsea.com\/wp-content\/uploads\/2020\/03\/logo_alfonsea_1.png\",\"width\":838,\"height\":343,\"caption\":\"Alfonsea\"},\"image\":{\"@id\":\"https:\/\/www.alfonsea.com\/#\/schema\/logo\/image\/\"}}]}<\/script>\n<!-- \/ Yoast SEO plugin. -->","yoast_head_json":{"title":"Daniel Gim\u00e9nez","robots":{"index":"index","follow":"follow","max-snippet":"max-snippet:-1","max-image-preview":"max-image-preview:large","max-video-preview":"max-video-preview:-1"},"canonical":"https:\/\/www.alfonsea.com\/es\/daniel-gimenez\/","og_locale":"es_ES","og_type":"article","og_title":"Daniel Gim\u00e9nez","og_url":"https:\/\/www.alfonsea.com\/es\/daniel-gimenez\/","og_site_name":"Alfonsea","article_modified_time":"2020-05-26T08:01:56+00:00","og_image":[{"width":838,"height":343,"url":"https:\/\/www.alfonsea.com\/wp-content\/uploads\/2020\/03\/logo_alfonsea_1.png","type":"image\/png"}],"twitter_card":"summary_large_image","twitter_misc":{"Tiempo de lectura":"4 minutos"},"schema":{"@context":"https:\/\/schema.org","@graph":[{"@type":"WebPage","@id":"https:\/\/www.alfonsea.com\/es\/daniel-gimenez\/","url":"https:\/\/www.alfonsea.com\/es\/daniel-gimenez\/","name":"Daniel Gim\u00e9nez","isPartOf":{"@id":"https:\/\/www.alfonsea.com\/#website"},"datePublished":"2020-03-24T23:07:33+00:00","dateModified":"2020-05-26T08:01:56+00:00","breadcrumb":{"@id":"https:\/\/www.alfonsea.com\/es\/daniel-gimenez\/#breadcrumb"},"inLanguage":"es","potentialAction":[{"@type":"ReadAction","target":["https:\/\/www.alfonsea.com\/es\/daniel-gimenez\/"]}]},{"@type":"BreadcrumbList","@id":"https:\/\/www.alfonsea.com\/es\/daniel-gimenez\/#breadcrumb","itemListElement":[{"@type":"ListItem","position":1,"name":"Home","item":"https:\/\/www.alfonsea.com\/es\/"},{"@type":"ListItem","position":2,"name":"Daniel Gim\u00e9nez"}]},{"@type":"WebSite","@id":"https:\/\/www.alfonsea.com\/#website","url":"https:\/\/www.alfonsea.com\/","name":"Alfonsea","description":"Specialists in Bussiness and Tax advising since 1995  ","publisher":{"@id":"https:\/\/www.alfonsea.com\/#organization"},"potentialAction":[{"@type":"SearchAction","target":{"@type":"EntryPoint","urlTemplate":"https:\/\/www.alfonsea.com\/?s={search_term_string}"},"query-input":"required name=search_term_string"}],"inLanguage":"es"},{"@type":"Organization","@id":"https:\/\/www.alfonsea.com\/#organization","name":"Alfonsea","url":"https:\/\/www.alfonsea.com\/","logo":{"@type":"ImageObject","inLanguage":"es","@id":"https:\/\/www.alfonsea.com\/#\/schema\/logo\/image\/","url":"https:\/\/www.alfonsea.com\/wp-content\/uploads\/2020\/03\/logo_alfonsea_1.png","contentUrl":"https:\/\/www.alfonsea.com\/wp-content\/uploads\/2020\/03\/logo_alfonsea_1.png","width":838,"height":343,"caption":"Alfonsea"},"image":{"@id":"https:\/\/www.alfonsea.com\/#\/schema\/logo\/image\/"}}]}},"_links":{"self":[{"href":"https:\/\/www.alfonsea.com\/es\/wp-json\/wp\/v2\/pages\/621"}],"collection":[{"href":"https:\/\/www.alfonsea.com\/es\/wp-json\/wp\/v2\/pages"}],"about":[{"href":"https:\/\/www.alfonsea.com\/es\/wp-json\/wp\/v2\/types\/page"}],"author":[{"embeddable":true,"href":"https:\/\/www.alfonsea.com\/es\/wp-json\/wp\/v2\/users\/6"}],"replies":[{"embeddable":true,"href":"https:\/\/www.alfonsea.com\/es\/wp-json\/wp\/v2\/comments?post=621"}],"version-history":[{"count":14,"href":"https:\/\/www.alfonsea.com\/es\/wp-json\/wp\/v2\/pages\/621\/revisions"}],"predecessor-version":[{"id":1457,"href":"https:\/\/www.alfonsea.com\/es\/wp-json\/wp\/v2\/pages\/621\/revisions\/1457"}],"wp:attachment":[{"href":"https:\/\/www.alfonsea.com\/es\/wp-json\/wp\/v2\/media?parent=621"}],"curies":[{"name":"wp","href":"https:\/\/api.w.org\/{rel}","templated":true}]}}